{"id":23676,"date":"2021-11-10T16:35:00","date_gmt":"2021-11-10T16:35:00","guid":{"rendered":"https:\/\/fuw.networkportfolio.co.uk\/?page_id=23676"},"modified":"2021-11-10T16:42:56","modified_gmt":"2021-11-10T16:42:56","slug":"pre-existing-medical-conditions","status":"publish","type":"page","link":"https:\/\/fuw.networkportfolio.co.uk\/cy\/pre-existing-medical-conditions\/","title":{"rendered":"Yswiriant Teithio"},"content":{"rendered":"<p>Gwybodaeth bwysig ar gyfer Cwsmeriaid sydd \u00e2 Chyflyrau Meddygol sy&#8217;n bodoli eisoes Mae&#8217;n rhaid i ni eich hysbysu o sut i wella eich mynediad at bolis\u0457au yswiriant teithio sydd yn cynnwys yswiriant ar gyfer cyflyrau meddygol mwy difrifol.<\/p>\n<p>Mae\u2019r ffactorau canlynol yn penderfynu pryd mae&#8217;r wybodaeth hon yn berthnasol i chi:<\/p>\n<ul>\n<li>Ni chynigiwyd i chi, neu rydym ni\/yr yswiriwr wedi gwrthod dyfynbris yn gyfan gwbl neu&#8217;n rhannol oherwydd cyflwr meddygol<\/li>\n<li>Mae eich polisi wedi&#8217;i ganslo&#8217;n gyfan gwbl neu&#8217;n rhannol oherwydd cyflwr meddygol<\/li>\n<li>Lle cynigiwyd polisi i chi gyda gwaharddiad cyflwr meddygol na ellir ei dynnu o&#8217;r polisi<\/li>\n<li>Lle cynigiwyd polisi i chi gyda phremiwm cyflwr meddygol o \u00a3100 neu fwy<\/li>\n<li>Lle cynigiwyd polisi i chi lle nad yw&#8217;r premiwm cyflwr meddygol yn hysbys<\/li>\n<\/ul>\n<p>Hoffem roi manylion i chi am y Medical Cover Firm Directory sy&#8217;n gyfeiriadur sydd ar gael i&#8217;r cyhoedd, ac sydd ond yn rhestru cwmn\u00efau sy&#8217;n darparu, neu&#8217;n trefnu polis\u00efau yswiriant teithio sy&#8217;n ymwneud \u00e2 chyflyrau meddygol mwy difrifol. Bydd y cyfeiriadur hefyd yn dangos digon o wybodaeth i chi am bob cwmni a restrir fel y gallwch wneud dewis gwybodus o\u2019r cychwyn cyntaf ynghylch pa ddarparwr sy\u2019n medru bodloni eich anghenion.<\/p>\n<p>Rhai o fanteision defnyddio&#8217;r cyfeiriadur yw ei bod yn ei gwneud hi&#8217;n haws i chi lywio drwy\u2019r farchnad sydd ar gael ac yn fwy tebygol y byddwch yn dod o hyd i gwmni sydd:<\/p>\n<ul>\n<li>yn barod i gynnig yswiriant ar gyfer eich cyflwr<\/li>\n<li>yn barod i gynnig yswiriant ar gyfer eich cyflwr heb waharddiadau penodol<\/li>\n<li>yn barod i gynnig yswiriant ar gyfer eich cyflwr am bris mwy fforddiadwy<\/li>\n<\/ul>\n<p>Mae&#8217;r Medical Cover Firm Directory ar gael yma:<\/p>\n<p>Mae\u2019r Money and Pensions Service (MaPS) wedi lansio cyfeiriadur yswiriant teithio ar ei gwefan Money Advice Service :<\/p>\n<p><a href=\"https:\/\/traveldirectory.moneyadviceservice.org.uk\/en\" target=\"_blank\" rel=\"noopener noreferrer\">https:\/\/traveldirectory.moneyadviceservice.org.uk\/en<\/a><\/p>\n<p>Gall defnyddwyr wneud ymholiadau yngl\u0177n \u00e2\u2019r cyfeiriadur trwy Ganolfan Cyswllt Cwsmer Money Advice Service , sydd ar gael o ddydd Llun i ddydd Gwener, 8yb i 6yh trwy ddefnyddio\u2019r manylion isod<\/p>\n<p>Ff\u00f4n &#8211; 0800 138 7777<br \/>\nE-bost &#8211; enquiries@maps.org.uk<br \/>\nCyfeiriad &#8211; The Money Advice Service, Holborn Centre, 120 Holborn, London, EC1N<br \/>\n2TD<\/p>\n","protected":false},"excerpt":{"rendered":"<p>Gwybodaeth bwysig ar gyfer Cwsmeriaid sydd \u00e2 Chyflyrau Meddygol sy&#8217;n bodoli eisoes Mae&#8217;n rhaid i ni eich hysbysu o sut i wella eich mynediad at bolis\u0457au yswiriant teithio sydd yn cynnwys yswiriant ar gyfer cyflyrau meddygol mwy difrifol. Mae\u2019r ffactorau&#8230;<\/p>\n","protected":false},"author":12,"featured_media":0,"parent":0,"menu_order":15,"comment_status":"closed","ping_status":"closed","template":"","meta":{"inline_featured_image":false},"translation":{"provider":"WPGlobus","version":"2.10.5","language":"cy","enabled_languages":["en","cy"],"languages":{"en":{"title":true,"content":true,"excerpt":false},"cy":{"title":true,"content":true,"excerpt":false}}},"acf":[],"yoast_head":"<!-- This site is optimized with the Yoast SEO plugin v19.10 - https:\/\/yoast.com\/wordpress\/plugins\/seo\/ -->\n<title>Yswiriant Teithio - Gwasanaethau Yswiriant Undeb Amaethwyr Cymru<\/title>\n<meta name=\"robots\" content=\"index, follow, max-snippet:-1, max-image-preview:large, max-video-preview:-1\" \/>\n<link rel=\"canonical\" href=\"https:\/\/fuw.networkportfolio.co.uk\/cy\/pre-existing-medical-conditions\/\" \/>\n<meta property=\"og:locale\" content=\"en_US\" \/>\n<meta property=\"og:type\" content=\"article\" \/>\n<meta property=\"og:title\" content=\"Yswiriant Teithio - Gwasanaethau Yswiriant Undeb Amaethwyr Cymru\" \/>\n<meta property=\"og:url\" content=\"https:\/\/fuw.networkportfolio.co.uk\/cy\/pre-existing-medical-conditions\/\" \/>\n<meta property=\"og:site_name\" content=\"Gwasanaethau Yswiriant Undeb Amaethwyr Cymru\" \/>\n<meta property=\"article:modified_time\" content=\"2021-11-10T16:42:56+00:00\" \/>\n<meta name=\"twitter:card\" content=\"summary_large_image\" \/>\n<meta name=\"twitter:label1\" content=\"Est. reading time\" \/>\n\t<meta name=\"twitter:data1\" content=\"2 funud\" \/>\n<script type=\"application\/ld+json\" class=\"yoast-schema-graph\">{\"@context\":\"https:\/\/schema.org\",\"@graph\":[{\"@type\":\"WebPage\",\"@id\":\"https:\/\/fuw.networkportfolio.co.uk\/cy\/pre-existing-medical-conditions\/\",\"url\":\"https:\/\/fuw.networkportfolio.co.uk\/cy\/pre-existing-medical-conditions\/\",\"name\":\"Yswiriant Teithio - Gwasanaethau Yswiriant Undeb Amaethwyr Cymru\",\"isPartOf\":{\"@id\":\"https:\/\/fuw.networkportfolio.co.uk\/#website\"},\"datePublished\":\"2021-11-10T16:35:00+00:00\",\"dateModified\":\"2021-11-10T16:42:56+00:00\",\"breadcrumb\":{\"@id\":\"https:\/\/fuw.networkportfolio.co.uk\/cy\/pre-existing-medical-conditions\/#breadcrumb\"},\"inLanguage\":\"cy\",\"potentialAction\":[{\"@type\":\"ReadAction\",\"target\":[\"https:\/\/fuw.networkportfolio.co.uk\/cy\/pre-existing-medical-conditions\/\"]}]},{\"@type\":\"BreadcrumbList\",\"@id\":\"https:\/\/fuw.networkportfolio.co.uk\/cy\/pre-existing-medical-conditions\/#breadcrumb\",\"itemListElement\":[{\"@type\":\"ListItem\",\"position\":1,\"name\":\"Home\",\"item\":\"https:\/\/fuw.networkportfolio.co.uk\/\"},{\"@type\":\"ListItem\",\"position\":2,\"name\":\"Yswiriant Teithio\"}]},{\"@type\":\"WebSite\",\"@id\":\"https:\/\/fuw.networkportfolio.co.uk\/#website\",\"url\":\"https:\/\/fuw.networkportfolio.co.uk\/\",\"name\":\"Gwasanaethau Yswiriant Undeb Amaethwyr Cymru\",\"description\":\"Undeb Amaethwyr Cymru\",\"potentialAction\":[{\"@type\":\"SearchAction\",\"target\":{\"@type\":\"EntryPoint\",\"urlTemplate\":\"https:\/\/fuw.networkportfolio.co.uk\/?s={search_term_string}\"},\"query-input\":\"required name=search_term_string\"}],\"inLanguage\":\"cy\"}]}<\/script>\n<!-- \/ Yoast SEO plugin. -->","yoast_head_json":{"title":"Yswiriant Teithio - Gwasanaethau Yswiriant Undeb Amaethwyr Cymru","robots":{"index":"index","follow":"follow","max-snippet":"max-snippet:-1","max-image-preview":"max-image-preview:large","max-video-preview":"max-video-preview:-1"},"canonical":"https:\/\/fuw.networkportfolio.co.uk\/cy\/pre-existing-medical-conditions\/","og_locale":"en_US","og_type":"article","og_title":"Yswiriant Teithio - Gwasanaethau Yswiriant Undeb Amaethwyr Cymru","og_url":"https:\/\/fuw.networkportfolio.co.uk\/cy\/pre-existing-medical-conditions\/","og_site_name":"Gwasanaethau Yswiriant Undeb Amaethwyr Cymru","article_modified_time":"2021-11-10T16:42:56+00:00","twitter_card":"summary_large_image","twitter_misc":{"Est. reading time":"2 funud"},"schema":{"@context":"https:\/\/schema.org","@graph":[{"@type":"WebPage","@id":"https:\/\/fuw.networkportfolio.co.uk\/cy\/pre-existing-medical-conditions\/","url":"https:\/\/fuw.networkportfolio.co.uk\/cy\/pre-existing-medical-conditions\/","name":"Yswiriant Teithio - Gwasanaethau Yswiriant Undeb Amaethwyr Cymru","isPartOf":{"@id":"https:\/\/fuw.networkportfolio.co.uk\/#website"},"datePublished":"2021-11-10T16:35:00+00:00","dateModified":"2021-11-10T16:42:56+00:00","breadcrumb":{"@id":"https:\/\/fuw.networkportfolio.co.uk\/cy\/pre-existing-medical-conditions\/#breadcrumb"},"inLanguage":"cy","potentialAction":[{"@type":"ReadAction","target":["https:\/\/fuw.networkportfolio.co.uk\/cy\/pre-existing-medical-conditions\/"]}]},{"@type":"BreadcrumbList","@id":"https:\/\/fuw.networkportfolio.co.uk\/cy\/pre-existing-medical-conditions\/#breadcrumb","itemListElement":[{"@type":"ListItem","position":1,"name":"Home","item":"https:\/\/fuw.networkportfolio.co.uk\/"},{"@type":"ListItem","position":2,"name":"Yswiriant Teithio"}]},{"@type":"WebSite","@id":"https:\/\/fuw.networkportfolio.co.uk\/#website","url":"https:\/\/fuw.networkportfolio.co.uk\/","name":"Gwasanaethau Yswiriant Undeb Amaethwyr Cymru","description":"Undeb Amaethwyr Cymru","potentialAction":[{"@type":"SearchAction","target":{"@type":"EntryPoint","urlTemplate":"https:\/\/fuw.networkportfolio.co.uk\/?s={search_term_string}"},"query-input":"required name=search_term_string"}],"inLanguage":"cy"}]}},"_links":{"self":[{"href":"https:\/\/fuw.networkportfolio.co.uk\/cy\/wp-json\/wp\/v2\/pages\/23676"}],"collection":[{"href":"https:\/\/fuw.networkportfolio.co.uk\/cy\/wp-json\/wp\/v2\/pages"}],"about":[{"href":"https:\/\/fuw.networkportfolio.co.uk\/cy\/wp-json\/wp\/v2\/types\/page"}],"author":[{"embeddable":true,"href":"https:\/\/fuw.networkportfolio.co.uk\/cy\/wp-json\/wp\/v2\/users\/12"}],"replies":[{"embeddable":true,"href":"https:\/\/fuw.networkportfolio.co.uk\/cy\/wp-json\/wp\/v2\/comments?post=23676"}],"version-history":[{"count":3,"href":"https:\/\/fuw.networkportfolio.co.uk\/cy\/wp-json\/wp\/v2\/pages\/23676\/revisions"}],"predecessor-version":[{"id":23679,"href":"https:\/\/fuw.networkportfolio.co.uk\/cy\/wp-json\/wp\/v2\/pages\/23676\/revisions\/23679"}],"wp:attachment":[{"href":"https:\/\/fuw.networkportfolio.co.uk\/cy\/wp-json\/wp\/v2\/media?parent=23676"}],"curies":[{"name":"wp","href":"https:\/\/api.w.org\/{rel}","templated":true}]}}